{"id":27,"date":"2022-09-02T09:16:05","date_gmt":"2022-09-02T09:16:05","guid":{"rendered":"https:\/\/kiki2022.gokul.hr\/?page_id=27"},"modified":"2022-09-09T08:29:53","modified_gmt":"2022-09-09T08:29:53","slug":"impressum","status":"publish","type":"page","link":"https:\/\/kiki2022.gokul.hr\/?page_id=27","title":{"rendered":""},"content":{"rendered":"<p><strong>Kiki \u2013 me\u0111unarodni festival dje\u010djeg filma je projekt udruga GOKUL i DND Zabok.<\/strong><\/p>\n<p><strong>Kiki \u2013 international film festival for kids is runned by two non-profit organizations GOKUL &amp; DND Zabok.<\/strong><\/p>\n<p><strong>organizacijski tim \/ organisation team<\/strong><br \/>\nJasenka Borov\u010dak, Nenad Borov\u010dak, Ljubica An\u0111elkovi\u0107 D\u017eambi\u0107<\/p>\n","protected":false},"excerpt":{"rendered":"<p>Kiki \u2013 me\u0111unarodni festival dje\u010djeg filma je projekt udruga GOKUL i DND Zabok. Kiki \u2013 international film festival for kids is runned by two non-profit organizations GOKUL &amp; DND Zabok. organizacijski tim \/ organisation team Jasenka Borov\u010dak, Nenad Borov\u010dak, Ljubica An\u0111elkovi\u0107 D\u017eambi\u0107<\/p>\n","protected":false},"author":1,"featured_media":0,"parent":0,"menu_order":0,"comment_status":"closed","ping_status":"closed","template":"","meta":{"footnotes":"","_links_to":"","_links_to_target":""},"class_list":["post-27","page","type-page","status-publish","hentry"],"_links":{"self":[{"href":"https:\/\/kiki2022.gokul.hr\/index.php?rest_route=\/wp\/v2\/pages\/27","targetHints":{"allow":["GET"]}}],"collection":[{"href":"https:\/\/kiki2022.gokul.hr\/index.php?rest_route=\/wp\/v2\/pages"}],"about":[{"href":"https:\/\/kiki2022.gokul.hr\/index.php?rest_route=\/wp\/v2\/types\/page"}],"author":[{"embeddable":true,"href":"https:\/\/kiki2022.gokul.hr\/index.php?rest_route=\/wp\/v2\/users\/1"}],"replies":[{"embeddable":true,"href":"https:\/\/kiki2022.gokul.hr\/index.php?rest_route=%2Fwp%2Fv2%2Fcomments&post=27"}],"version-history":[{"count":2,"href":"https:\/\/kiki2022.gokul.hr\/index.php?rest_route=\/wp\/v2\/pages\/27\/revisions"}],"predecessor-version":[{"id":163,"href":"https:\/\/kiki2022.gokul.hr\/index.php?rest_route=\/wp\/v2\/pages\/27\/revisions\/163"}],"wp:attachment":[{"href":"https:\/\/kiki2022.gokul.hr\/index.php?rest_route=%2Fwp%2Fv2%2Fmedia&parent=27"}],"curies":[{"name":"wp","href":"https:\/\/api.w.org\/{rel}","templated":true}]}}