{"id":21,"date":"2022-09-02T09:15:30","date_gmt":"2022-09-02T09:15:30","guid":{"rendered":"https:\/\/kiki2022.gokul.hr\/?page_id=21"},"modified":"2022-09-04T09:24:54","modified_gmt":"2022-09-04T09:24:54","slug":"ziri","status":"publish","type":"page","link":"https:\/\/kiki2022.gokul.hr\/?page_id=21","title":{"rendered":""},"content":{"rendered":"<p><strong>\u017dIRI<\/p>\n<p>Nadja Lon\u010dar Uvodi\u0107<\/strong><\/p>\n<p><img loading=\"lazy\" decoding=\"async\" class=\"alignnone size-full wp-image-43\" src=\"https:\/\/kiki2022.gokul.hr\/wp-content\/uploads\/2022\/09\/Nadja.jpg\" alt=\"\" width=\"1920\" height=\"1280\" srcset=\"https:\/\/kiki2022.gokul.hr\/wp-content\/uploads\/2022\/09\/Nadja.jpg 1920w, https:\/\/kiki2022.gokul.hr\/wp-content\/uploads\/2022\/09\/Nadja-300x200.jpg 300w, https:\/\/kiki2022.gokul.hr\/wp-content\/uploads\/2022\/09\/Nadja-1024x683.jpg 1024w, https:\/\/kiki2022.gokul.hr\/wp-content\/uploads\/2022\/09\/Nadja-768x512.jpg 768w, https:\/\/kiki2022.gokul.hr\/wp-content\/uploads\/2022\/09\/Nadja-1536x1024.jpg 1536w\" sizes=\"auto, (max-width: 1920px) 100vw, 1920px\" \/><br \/>\nRo\u0111ena je 18. listopada 2009. godine. \u017divi u Oroslavju, gdje poha\u0111a 7. razred Osnovne \u0161kole Oroslavje. Uspje\u0161na je u\u010denica, a osim u \u0161koli, mnogo vremena provodi bave\u0107i se sportom, osobito aerielom, gimnasti\u010dkim vje\u017ebama na svili u Naulipoplandu. Poha\u0111ala je sate plesa Dance studija Transform i nastupila na natjecanju <em>jazz dancea<\/em>. Odnedavno je i \u010dlanica Rukometnog kluba Zabok. Poha\u0111ala je filmske radionice \u201eKako gledati film\u201c, \u201eMo\u0107 slike\u201c i \u201eVo\u0107e i povr\u0107e nemogu\u0107e\u201c u sklopu KIKI festivala. U slobodno vrijeme voli gledati filmove, crtati, slu\u0161ati glazbu, modelirati u glini. Obo\u017eava prirodu i \u017eivotinje, kreativna je i dru\u0161tvena.<\/p>\n<p>Born on October 18<sup>th<\/sup>, 2009. Lives in Oroslavje, where she attends the 7<sup>th<\/sup> grade at Elementary School Oroslavje. She has excellent grades and, when not at school, she spends her time doing sports, aerial silk in particular, at Naulipopland. She has attended dance classes at Transform Dance Studio and even participated in a jazz dance competition. She has recently become a member of the Handball Club Zabok. She attended several film workshops as organized during the KIKI Festival: \u2018Ways of Watching Films\u2019, \u2018Potence of the Image\u2019 and \u2018Fruits and Veggies and All the Other Impossibilities\u2019. In her spare time, she enjoys watching films, drawing, listening to music and clay modelling. Nadja is a creative and sociable person who loves the nature and animals.<\/p>\n<p>&nbsp;<\/p>\n<p><strong>Julia Boro\u0161ak<\/strong><\/p>\n<p><img loading=\"lazy\" decoding=\"async\" class=\"alignnone size-full wp-image-41\" src=\"https:\/\/kiki2022.gokul.hr\/wp-content\/uploads\/2022\/09\/Julia.jpg\" alt=\"\" width=\"1920\" height=\"1280\" srcset=\"https:\/\/kiki2022.gokul.hr\/wp-content\/uploads\/2022\/09\/Julia.jpg 1920w, https:\/\/kiki2022.gokul.hr\/wp-content\/uploads\/2022\/09\/Julia-300x200.jpg 300w, https:\/\/kiki2022.gokul.hr\/wp-content\/uploads\/2022\/09\/Julia-1024x683.jpg 1024w, https:\/\/kiki2022.gokul.hr\/wp-content\/uploads\/2022\/09\/Julia-768x512.jpg 768w, https:\/\/kiki2022.gokul.hr\/wp-content\/uploads\/2022\/09\/Julia-1536x1024.jpg 1536w\" sizes=\"auto, (max-width: 1920px) 100vw, 1920px\" \/><br \/>\nRo\u0111ena je 8. rujna 2010. godine. Ove je godine krenula u 6. razred O\u0160 Antuna Mihanovi\u0107a u Klanjcu. Redovita je \u010dlanica gradske knji\u017enice u Klanjcu te je 2021. godine osvojila nagradu \u201eDenis Vincek\u201c za jednog (i najmla\u0111eg) od 11 naj\u010ditatelja Krapinsko-zagorske \u017eupanije. Godine 2022. sudjelovala je na LiDraNu, a njezin literarni rad \u201eKako sam postao \u010darobnjak\u201c bio je predlo\u017een za dr\u017eavnu smotru. Sudjelovala je i na \u017eupanijskom natjecanju iz geografije. Na KIKI radionicama sudjeluje od 2021. godine te je poha\u0111ala radionice \u201eMo\u0107 slike\u201c , \u201eVo\u0107e i povr\u0107e nemogu\u0107e\u201c i \u201eKako gledati film\u201c . U slobodno vrijeme voli \u010ditati, voziti bicikl i crtati.<\/p>\n<p>Born on September 8<sup>th<\/sup>, 2010. Currently in 6<sup>th<\/sup> grade at Elementary School Antun Mihanovi\u0107 in Klanjec. An active member of the City Library in Klanjec. In 2021, she received the \u2018Denis Vincek\u2019 Award as the youngest among the 11 most avid readers in Krapina-Zagorje County. She participated in the LiDraNo competition in 2022, and her literary work \u2018How I became a wizard\u2019 got shortlisted for the national competition. She has participated in the national geography competition as well. She has attended all KIKI workshops since 2021, including \u2018Potence of the Image\u2019, \u2018Fruits and Veggies and All the Other Impossibilities\u2019 and \u2018Ways of Watching Films\u2019. Spends her free time reading, riding her bicycle and drawing.<\/p>\n<p>&nbsp;<\/p>\n<p><strong>Jakov Kolar<\/strong><\/p>\n<p><img loading=\"lazy\" decoding=\"async\" class=\"alignnone size-full wp-image-40\" src=\"https:\/\/kiki2022.gokul.hr\/wp-content\/uploads\/2022\/09\/Jakov.jpg\" alt=\"\" width=\"1920\" height=\"1280\" srcset=\"https:\/\/kiki2022.gokul.hr\/wp-content\/uploads\/2022\/09\/Jakov.jpg 1920w, https:\/\/kiki2022.gokul.hr\/wp-content\/uploads\/2022\/09\/Jakov-300x200.jpg 300w, https:\/\/kiki2022.gokul.hr\/wp-content\/uploads\/2022\/09\/Jakov-1024x683.jpg 1024w, https:\/\/kiki2022.gokul.hr\/wp-content\/uploads\/2022\/09\/Jakov-768x512.jpg 768w, https:\/\/kiki2022.gokul.hr\/wp-content\/uploads\/2022\/09\/Jakov-1536x1024.jpg 1536w\" sizes=\"auto, (max-width: 1920px) 100vw, 1920px\" \/><br \/>\nRo\u0111en je 30. rujna 2008. godine. Jakov je \u010detrnaestogodi\u0161nji dje\u010dak s mnogo talenata i interesa, a poha\u0111a Osnovnu \u0161kolu K. \u0160. Gjalskog Zabok. Odmalena je pokazivao interes za glumom, a ove je godine ve\u0107 tre\u0107i put nastupio na \u017eupanijskom LiDraNu. U slobodno vrijeme svira gitaru, voli crtati i izra\u0111ivati predmete, odigrati ko\u0161arka\u0161ku ili nogometnu utakmicu s prijateljima ili programirati svoje robote. Velika mu je \u00a0ljubav filmska umjetnost \u2013 bavi se stop-animacijom, monta\u017eom videa i, naravno, gledanjem filmova. Stop-animacijom po\u010deo se baviti kad mu je bilo osam godina, a na radionice u sklopu KIKI festivala uklju\u010dio se u 5. razredu. Sudjelovao je na radionici \u0160kole animiranog filma \u010cakovec na kojoj je nastao kratki film \u201e\u010cepocikla\u017ea\u201c i na filmskim radionicama: \u201eKako gledati film\u201c i \u201eMo\u0107 slike\u201c. \u010clan je Dje\u010djega gradskog vije\u0107a i Dje\u010djeg foruma Dru\u0161tva \u201eNa\u0161a djeca\u201c Zabok te sudjeluje u raznim projektima DND-a Zabok, kao \u0161to su: \u201eZdravo i fino\u201c, \u201eOdgoj za volontiranje i odr\u017eivi razvoj\u201c i \u201ePrebaci na volontiranje\u201c. Najvi\u0161e voli gledati akcijske filmove i kriminalisti\u010dke serije.<\/p>\n<p>Born on September 30<sup>th<\/sup>, 2008. Jakov is a talented 14-year-old boy with a lot of interests who attends Elementary School K. \u0160. Gjalski Zabok. He has been fascinated by acting from a very early age. He has even taken part at the county-level LiDraNo competition three times. He spends his free time playing the guitar, drawing and making objects, playing basketball or football with his friends, or programming his robots. Cinema is his great love \u2013 he does stop-animation and video editing, and he, naturally, loves watching films. He has been involved in stop-animation from the age of 8. When he was in 5<sup>th<\/sup> grade, he attended his first workshop at the KIKI Festival. He has also participated in the workshop organized by the School of Animated Film (\u0160AF) \u010cakovec (where a short film \u2018Capcycling\u2019 was produced), as well as the film workshops \u2018Ways of Watching Films\u2019 and \u2018Potence of the Image\u2019. Member of the Children\u2019s City Council and Children\u2019s Forum at the \u2018Na\u0161a djeca\u2019 Society in Zabok. Takes part in DND Zabok projects such as \u2018Healthy and Yummy\u2019, \u2018Education for Volunteering and Sustainable Development\u2019 and \u2018Switch to Volunteering\u2019. His favourite pastime is watching action films and crime series.<\/p>\n<p><img loading=\"lazy\" decoding=\"async\" class=\"alignnone size-full wp-image-42\" src=\"https:\/\/kiki2022.gokul.hr\/wp-content\/uploads\/2022\/09\/Kiki-ziri-2022.jpg\" alt=\"\" width=\"1920\" height=\"1280\" srcset=\"https:\/\/kiki2022.gokul.hr\/wp-content\/uploads\/2022\/09\/Kiki-ziri-2022.jpg 1920w, https:\/\/kiki2022.gokul.hr\/wp-content\/uploads\/2022\/09\/Kiki-ziri-2022-300x200.jpg 300w, https:\/\/kiki2022.gokul.hr\/wp-content\/uploads\/2022\/09\/Kiki-ziri-2022-1024x683.jpg 1024w, https:\/\/kiki2022.gokul.hr\/wp-content\/uploads\/2022\/09\/Kiki-ziri-2022-768x512.jpg 768w, https:\/\/kiki2022.gokul.hr\/wp-content\/uploads\/2022\/09\/Kiki-ziri-2022-1536x1024.jpg 1536w\" sizes=\"auto, (max-width: 1920px) 100vw, 1920px\" \/><\/p>\n","protected":false},"excerpt":{"rendered":"<p>\u017dIRI Nadja Lon\u010dar Uvodi\u0107 Ro\u0111ena je 18. listopada 2009. godine. \u017divi u Oroslavju, gdje poha\u0111a 7. razred Osnovne \u0161kole Oroslavje. Uspje\u0161na je u\u010denica, a osim u \u0161koli, mnogo vremena provodi bave\u0107i se sportom, osobito aerielom, gimnasti\u010dkim vje\u017ebama na svili u Naulipoplandu. Poha\u0111ala je sate plesa Dance studija Transform i nastupila na natjecanju jazz dancea. Odnedavno [&hellip;]<\/p>\n","protected":false},"author":1,"featured_media":0,"parent":0,"menu_order":0,"comment_status":"closed","ping_status":"closed","template":"","meta":{"footnotes":"","_links_to":"","_links_to_target":""},"class_list":["post-21","page","type-page","status-publish","hentry"],"_links":{"self":[{"href":"https:\/\/kiki2022.gokul.hr\/index.php?rest_route=\/wp\/v2\/pages\/21","targetHints":{"allow":["GET"]}}],"collection":[{"href":"https:\/\/kiki2022.gokul.hr\/index.php?rest_route=\/wp\/v2\/pages"}],"about":[{"href":"https:\/\/kiki2022.gokul.hr\/index.php?rest_route=\/wp\/v2\/types\/page"}],"author":[{"embeddable":true,"href":"https:\/\/kiki2022.gokul.hr\/index.php?rest_route=\/wp\/v2\/users\/1"}],"replies":[{"embeddable":true,"href":"https:\/\/kiki2022.gokul.hr\/index.php?rest_route=%2Fwp%2Fv2%2Fcomments&post=21"}],"version-history":[{"count":5,"href":"https:\/\/kiki2022.gokul.hr\/index.php?rest_route=\/wp\/v2\/pages\/21\/revisions"}],"predecessor-version":[{"id":80,"href":"https:\/\/kiki2022.gokul.hr\/index.php?rest_route=\/wp\/v2\/pages\/21\/revisions\/80"}],"wp:attachment":[{"href":"https:\/\/kiki2022.gokul.hr\/index.php?rest_route=%2Fwp%2Fv2%2Fmedia&parent=21"}],"curies":[{"name":"wp","href":"https:\/\/api.w.org\/{rel}","templated":true}]}}