{"id":200,"date":"2022-09-21T12:59:28","date_gmt":"2022-09-21T12:59:28","guid":{"rendered":"https:\/\/kiki2022.gokul.hr\/?page_id=200"},"modified":"2022-09-21T13:13:40","modified_gmt":"2022-09-21T13:13:40","slug":"inkluzivno-kino","status":"publish","type":"page","link":"https:\/\/kiki2022.gokul.hr\/?page_id=200","title":{"rendered":""},"content":{"rendered":"<p><strong>INKLUZIVNO KINO \/ INCLUSIVE CINEMA<\/strong><\/p>\n<p>KINO TOPLICE, Krapinske Toplice<strong>\u00a0\u00a0\u00a0 Subota, 8.10. u 18:00\u00a0 <\/strong>Ulaz besplatan<\/p>\n<p>KIKI festival otvaramo u Kinu Toplice s inkluzivnim filmom Nerazumijevalica u kojem glume djeca i mladi s te\u0161ko\u0107ama u razvoju.<\/p>\n<p>Nerazumijevalica je projekt koji \u0161iroj javnosti na vrlo razumljiv na\u010din predstavlja djecu i mlade s te\u0161ko\u0107ama u razvoju, kao samu bit inkluzije. U filmu glumi 44-ero djece i mladih od kojih 33-oje ima neki oblik te\u0161ko\u0107e u razvoju, pritom ne stavljaju\u0107i \u201einvaliditet\u201c u prvi plan,\u00a0ve\u0107 sposobnost da se s njim nose. Film na jednostavan, ali bajkovit na\u010din progovara o tome koliko oni sami ne razumiju jezik koji ih okru\u017euje te nastoji da se publici pribli\u017ei njihov problem.<\/p>\n<p>Glavni cilj provo\u0111enja stimulativnih i inkluzivnih projekata, u kojima su glavni akteri djeca i mladi s te\u0161ko\u0107ama u razvoju, jest njihovo uklju\u010divanje u aktivnosti koje nisu u skladu s njihovim sposobnostima.<\/p>\n<p>KIKI Festival is going to open at Kino Toplice with the inclusive film <em>Understandinglessness<\/em>, starring children and youth with disabilities.<\/p>\n<p>&#8216;Understandinglessness&#8217; is a project aimed at presenting children and youth with disabilities to a broad public in a compassionate and understandable way, which is the essence of inclusion. A total of 44 children and young people act in the film, where 33 face certain challenges. The focus is not on their \u2018disabilities\u2019 but their ability to deal with them. The film shows in a simple and fairy-tale-like way how they do not understand the language they are surrounded with, but attempts to sensitize the public about their issues.<\/p>\n<p>The main goal of implementing stimulating and inclusive projects, featuring children and young people with disabilities in acting roles, is to involve them in activities which are not adapted to their abilities.<\/p>\n<p>\u00a0<\/p>\n\n\n<p><strong>NERAZUMEVALICA \/ NERAZUMIJEVALICA \/ UNDERSTANDINGLESSNESS<\/strong><br>Aleksa Maksimovi\u0107 \u2013 Srbija \/ Serbia 2021. \u00a0\u2013 78&#8242; \u2013 igrani<\/p>\n\n\n\n<figure class=\"wp-block-gallery has-nested-images columns-default is-cropped wp-block-gallery-1 is-layout-flex wp-block-gallery-is-layout-flex\">\n<figure class=\"wp-block-image size-large\"><a href=\"https:\/\/kiki2022.gokul.hr\/wp-content\/uploads\/2022\/09\/NERAZUMEVALICA.jpg\"><img loading=\"lazy\" decoding=\"async\" width=\"1131\" height=\"1600\" data-id=\"207\" src=\"https:\/\/kiki2022.gokul.hr\/wp-content\/uploads\/2022\/09\/NERAZUMEVALICA.jpg\" alt=\"\" class=\"wp-image-207\" srcset=\"https:\/\/kiki2022.gokul.hr\/wp-content\/uploads\/2022\/09\/NERAZUMEVALICA.jpg 1131w, https:\/\/kiki2022.gokul.hr\/wp-content\/uploads\/2022\/09\/NERAZUMEVALICA-212x300.jpg 212w, https:\/\/kiki2022.gokul.hr\/wp-content\/uploads\/2022\/09\/NERAZUMEVALICA-724x1024.jpg 724w, https:\/\/kiki2022.gokul.hr\/wp-content\/uploads\/2022\/09\/NERAZUMEVALICA-768x1086.jpg 768w, https:\/\/kiki2022.gokul.hr\/wp-content\/uploads\/2022\/09\/NERAZUMEVALICA-1086x1536.jpg 1086w\" sizes=\"auto, (max-width: 1131px) 100vw, 1131px\" \/><\/a><\/figure>\n\n\n\n<figure class=\"wp-block-image size-large\"><a href=\"https:\/\/kiki2022.gokul.hr\/wp-content\/uploads\/2022\/09\/Nerazumevalica-01.jpg\"><img loading=\"lazy\" decoding=\"async\" width=\"2048\" height=\"1080\" data-id=\"208\" src=\"https:\/\/kiki2022.gokul.hr\/wp-content\/uploads\/2022\/09\/Nerazumevalica-01.jpg\" alt=\"\" class=\"wp-image-208\" srcset=\"https:\/\/kiki2022.gokul.hr\/wp-content\/uploads\/2022\/09\/Nerazumevalica-01.jpg 2048w, https:\/\/kiki2022.gokul.hr\/wp-content\/uploads\/2022\/09\/Nerazumevalica-01-300x158.jpg 300w, https:\/\/kiki2022.gokul.hr\/wp-content\/uploads\/2022\/09\/Nerazumevalica-01-1024x540.jpg 1024w, https:\/\/kiki2022.gokul.hr\/wp-content\/uploads\/2022\/09\/Nerazumevalica-01-768x405.jpg 768w, https:\/\/kiki2022.gokul.hr\/wp-content\/uploads\/2022\/09\/Nerazumevalica-01-1536x810.jpg 1536w\" sizes=\"auto, (max-width: 2048px) 100vw, 2048px\" \/><\/a><\/figure>\n<\/figure>\n\n\n\n<p>U davna vremena zemljom je vladala Mudro\u017eica \u2013 \u010carobnica zemlje. Svoje je mo\u0107i ravnopravno podijelila stanovnicima \u0161est razli\u010ditih unija: Uraganopolaca, Vodoplavih, Sivopesaca, Vatrono\u0161a, Listodr\u017eaca i Tvrdostijenaca. Njihov je zadatak bio da \u010duvaju snagu Mudro\u017eice. No njezina snaga polako slabi i Mudro\u017eica tra\u017ei pomo\u0107 od svoja dva maga: Maglista i Maglusta&#8230;<\/p>\n\n\n\n<figure class=\"wp-block-image size-large\"><img loading=\"lazy\" decoding=\"async\" width=\"1024\" height=\"540\" src=\"https:\/\/kiki2022.gokul.hr\/wp-content\/uploads\/2022\/09\/Nerzumevalica-02-1024x540.jpg\" alt=\"\" class=\"wp-image-206\" srcset=\"https:\/\/kiki2022.gokul.hr\/wp-content\/uploads\/2022\/09\/Nerzumevalica-02-1024x540.jpg 1024w, https:\/\/kiki2022.gokul.hr\/wp-content\/uploads\/2022\/09\/Nerzumevalica-02-300x158.jpg 300w, https:\/\/kiki2022.gokul.hr\/wp-content\/uploads\/2022\/09\/Nerzumevalica-02-768x405.jpg 768w, https:\/\/kiki2022.gokul.hr\/wp-content\/uploads\/2022\/09\/Nerzumevalica-02-1536x810.jpg 1536w, https:\/\/kiki2022.gokul.hr\/wp-content\/uploads\/2022\/09\/Nerzumevalica-02.jpg 2048w\" sizes=\"auto, (max-width: 1024px) 100vw, 1024px\" \/><\/figure>\n\n\n\n<p>In ancient times, the country was ruled by Mudro\u017eica &#8211; the Sorceress of the Country. She equally divided her powers among the inhabitants of six different Unions: the Hurricanopoles, the Waterblues, the Greysands, the Firebearers, the Leaf Holders and the Hard Rocks. Their task was to preserve the power of the Mudro\u017eica. But, her strength is slowly weakening and Mudro\u017eica is asking for help from her two magicians: Maglist and Maglust &#8230;.<br><br>Re\u017eija, monta\u017ea \/ Directed, edited by: Aleksa Maksimovi\u0107<br>Scenarij, produkcija, glazba \/ Written, produced, music by: Ksenija Mirkovi\u0107<br>Direktor fotografije \/ DOP: Ognjen Jevti\u0107, \u0110or\u0111e Makari\u0107<br>Uloge \/ Cast: Sofija Brankovi\u0107, \u0110or\u0111e Mirkovi\u0107, Du\u0161an Dra\u017eeta, Marko Mili\u0107evi\u0107, Tara Samac, Sara Rosi\u0107, Nemanja Miti\u0107, Ivan Kostadinovi\u0107, Vuk \u0110ermanovi\u0107<br>Produkcija \/ Production company: Svitac<\/p>\n","protected":false},"excerpt":{"rendered":"<p>INKLUZIVNO KINO \/ INCLUSIVE CINEMA KINO TOPLICE, Krapinske Toplice\u00a0\u00a0\u00a0 Subota, 8.10. u 18:00\u00a0 Ulaz besplatan KIKI festival otvaramo u Kinu Toplice s inkluzivnim filmom Nerazumijevalica u kojem glume djeca i mladi s te\u0161ko\u0107ama u razvoju. Nerazumijevalica je projekt koji \u0161iroj javnosti na vrlo razumljiv na\u010din predstavlja djecu i mlade s te\u0161ko\u0107ama u razvoju, kao samu [&hellip;]<\/p>\n","protected":false},"author":1,"featured_media":0,"parent":10,"menu_order":0,"comment_status":"closed","ping_status":"closed","template":"","meta":{"footnotes":"","_links_to":"","_links_to_target":""},"class_list":["post-200","page","type-page","status-publish","hentry"],"_links":{"self":[{"href":"https:\/\/kiki2022.gokul.hr\/index.php?rest_route=\/wp\/v2\/pages\/200","targetHints":{"allow":["GET"]}}],"collection":[{"href":"https:\/\/kiki2022.gokul.hr\/index.php?rest_route=\/wp\/v2\/pages"}],"about":[{"href":"https:\/\/kiki2022.gokul.hr\/index.php?rest_route=\/wp\/v2\/types\/page"}],"author":[{"embeddable":true,"href":"https:\/\/kiki2022.gokul.hr\/index.php?rest_route=\/wp\/v2\/users\/1"}],"replies":[{"embeddable":true,"href":"https:\/\/kiki2022.gokul.hr\/index.php?rest_route=%2Fwp%2Fv2%2Fcomments&post=200"}],"version-history":[{"count":11,"href":"https:\/\/kiki2022.gokul.hr\/index.php?rest_route=\/wp\/v2\/pages\/200\/revisions"}],"predecessor-version":[{"id":217,"href":"https:\/\/kiki2022.gokul.hr\/index.php?rest_route=\/wp\/v2\/pages\/200\/revisions\/217"}],"up":[{"embeddable":true,"href":"https:\/\/kiki2022.gokul.hr\/index.php?rest_route=\/wp\/v2\/pages\/10"}],"wp:attachment":[{"href":"https:\/\/kiki2022.gokul.hr\/index.php?rest_route=%2Fwp%2Fv2%2Fmedia&parent=200"}],"curies":[{"name":"wp","href":"https:\/\/api.w.org\/{rel}","templated":true}]}}