{"id":143,"date":"2022-09-07T12:56:32","date_gmt":"2022-09-07T12:56:32","guid":{"rendered":"https:\/\/kiki2022.gokul.hr\/?page_id=143"},"modified":"2022-09-07T12:56:55","modified_gmt":"2022-09-07T12:56:55","slug":"stop-animacija","status":"publish","type":"page","link":"https:\/\/kiki2022.gokul.hr\/?page_id=143","title":{"rendered":""},"content":{"rendered":"<p><strong>STOP-ANIMACIJA \u2013 PRIRODNE I NEPRIRODNE POJAVE \/ STOP ANIMATION \u2013 NATURAL AND UNNATURAL PHENOMENA<\/strong><\/p>\n<p>Dvodnevna radionica stop-animacije za djecu na temu <strong>\u201e<\/strong><strong>Prirodne i neprirodne pojave<\/strong><strong>\u201c <\/strong>odr\u017eana je u Petrinji tijekom srpnja 2022. pod vodstvom Bo\u017eidara Trkulje.<\/p>\n<p>A two-day stop-animation workshop for children, <strong><em>Natural and Unnatural Phenomena<\/em><\/strong>, mentored by Bo\u017eidar Turkelja was held in Petrinja in July 2022.<\/p>\n","protected":false},"excerpt":{"rendered":"<p>STOP-ANIMACIJA \u2013 PRIRODNE I NEPRIRODNE POJAVE \/ STOP ANIMATION \u2013 NATURAL AND UNNATURAL PHENOMENA Dvodnevna radionica stop-animacije za djecu na temu \u201ePrirodne i neprirodne pojave\u201c odr\u017eana je u Petrinji tijekom srpnja 2022. pod vodstvom Bo\u017eidara Trkulje. A two-day stop-animation workshop for children, Natural and Unnatural Phenomena, mentored by Bo\u017eidar Turkelja was held in Petrinja in [&hellip;]<\/p>\n","protected":false},"author":1,"featured_media":0,"parent":17,"menu_order":0,"comment_status":"closed","ping_status":"closed","template":"","meta":{"footnotes":"","_links_to":"","_links_to_target":""},"class_list":["post-143","page","type-page","status-publish","hentry"],"_links":{"self":[{"href":"https:\/\/kiki2022.gokul.hr\/index.php?rest_route=\/wp\/v2\/pages\/143","targetHints":{"allow":["GET"]}}],"collection":[{"href":"https:\/\/kiki2022.gokul.hr\/index.php?rest_route=\/wp\/v2\/pages"}],"about":[{"href":"https:\/\/kiki2022.gokul.hr\/index.php?rest_route=\/wp\/v2\/types\/page"}],"author":[{"embeddable":true,"href":"https:\/\/kiki2022.gokul.hr\/index.php?rest_route=\/wp\/v2\/users\/1"}],"replies":[{"embeddable":true,"href":"https:\/\/kiki2022.gokul.hr\/index.php?rest_route=%2Fwp%2Fv2%2Fcomments&post=143"}],"version-history":[{"count":2,"href":"https:\/\/kiki2022.gokul.hr\/index.php?rest_route=\/wp\/v2\/pages\/143\/revisions"}],"predecessor-version":[{"id":146,"href":"https:\/\/kiki2022.gokul.hr\/index.php?rest_route=\/wp\/v2\/pages\/143\/revisions\/146"}],"up":[{"embeddable":true,"href":"https:\/\/kiki2022.gokul.hr\/index.php?rest_route=\/wp\/v2\/pages\/17"}],"wp:attachment":[{"href":"https:\/\/kiki2022.gokul.hr\/index.php?rest_route=%2Fwp%2Fv2%2Fmedia&parent=143"}],"curies":[{"name":"wp","href":"https:\/\/api.w.org\/{rel}","templated":true}]}}