{"id":134,"date":"2022-09-07T12:50:31","date_gmt":"2022-09-07T12:50:31","guid":{"rendered":"https:\/\/kiki2022.gokul.hr\/?page_id=134"},"modified":"2022-09-09T08:38:17","modified_gmt":"2022-09-09T08:38:17","slug":"134-2","status":"publish","type":"page","link":"https:\/\/kiki2022.gokul.hr\/?page_id=134","title":{"rendered":""},"content":{"rendered":"<p><strong>KIKI DOKUMENTARAC \/ KIKI DOCUMENTARY<\/strong><\/p>\n<p>Tijekom ljetnih praznika organizirali smo \u010detverodnevnu radionicu dokumentarnog filma pod mentorstvom vi\u0161estruko nagra\u0111ivanoga filmskog redatelja \u0110ure Gavrana, uz asistiranje studentice monta\u017ee Lucije Strugar.<\/p>\n<p><img loading=\"lazy\" decoding=\"async\" class=\"alignnone size-full wp-image-127\" src=\"https:\/\/kiki2022.gokul.hr\/wp-content\/uploads\/2022\/09\/Kiki-dox-02.jpg\" alt=\"\" width=\"2419\" height=\"1613\" srcset=\"https:\/\/kiki2022.gokul.hr\/wp-content\/uploads\/2022\/09\/Kiki-dox-02.jpg 2419w, https:\/\/kiki2022.gokul.hr\/wp-content\/uploads\/2022\/09\/Kiki-dox-02-300x200.jpg 300w, https:\/\/kiki2022.gokul.hr\/wp-content\/uploads\/2022\/09\/Kiki-dox-02-1024x683.jpg 1024w, https:\/\/kiki2022.gokul.hr\/wp-content\/uploads\/2022\/09\/Kiki-dox-02-768x512.jpg 768w, https:\/\/kiki2022.gokul.hr\/wp-content\/uploads\/2022\/09\/Kiki-dox-02-1536x1024.jpg 1536w, https:\/\/kiki2022.gokul.hr\/wp-content\/uploads\/2022\/09\/Kiki-dox-02-2048x1366.jpg 2048w\" sizes=\"auto, (max-width: 2419px) 100vw, 2419px\" \/><\/p>\n<p>Radionica je na kreativan i kvalitetan na\u010din, uz gledanje i analiziranje kratkih dokumentarnih filmova razli\u010ditih vrsta te prakti\u010dan rad na filmu, upoznala djecu s poslovima u filmskoj ekipi te s filmom kao skupnom umjetni\u010dkom djelatno\u0161\u0107u. U\u010dilo se o procesu snimanja dokumentarca koji se bavi vrlo aktualnom temom \u2013 vr\u0161nja\u010dkim nasiljem. U ovoj posebno zanimljivoj radionici, \u010dija se tema ti\u010de upravo njih samih, djeca su iskusila kako se film razvija od ideje do premijere, kroz sve faze nastanka filma. Sudionici su se upoznali s time kako pristupiti pri\u010di, s izborom pri\u010de, s motivacijom i istra\u017eivanjem. Snimalo se na razli\u010ditim lokacijama \u0161to su ih izabrala sama djeca te se na kraju montiralo u skladu s njihovim \u017eeljama. Film nosi naslov: <em>Ne \u017eelim pri\u010dati o tome<\/em>.<\/p>\n<p><strong> <img loading=\"lazy\" decoding=\"async\" class=\"alignnone size-full wp-image-126\" src=\"https:\/\/kiki2022.gokul.hr\/wp-content\/uploads\/2022\/09\/Kiki-dox01-scaled.jpg\" alt=\"\" width=\"2560\" height=\"1707\" srcset=\"https:\/\/kiki2022.gokul.hr\/wp-content\/uploads\/2022\/09\/Kiki-dox01-scaled.jpg 2560w, https:\/\/kiki2022.gokul.hr\/wp-content\/uploads\/2022\/09\/Kiki-dox01-300x200.jpg 300w, https:\/\/kiki2022.gokul.hr\/wp-content\/uploads\/2022\/09\/Kiki-dox01-1024x683.jpg 1024w, https:\/\/kiki2022.gokul.hr\/wp-content\/uploads\/2022\/09\/Kiki-dox01-768x512.jpg 768w, https:\/\/kiki2022.gokul.hr\/wp-content\/uploads\/2022\/09\/Kiki-dox01-1536x1024.jpg 1536w, https:\/\/kiki2022.gokul.hr\/wp-content\/uploads\/2022\/09\/Kiki-dox01-2048x1365.jpg 2048w\" sizes=\"auto, (max-width: 2560px) 100vw, 2560px\" \/><\/strong><\/p>\n<p>For this summer break, we organized a four-day documentary film workshop with award-winning film director \u0110uro Gavran as the mentor and editing student Lucija Strugar as his assistant.<\/p>\n<p>The creative mentor duo skilfully guided children in their watching and analysing of documentary shorts of all kinds, familiarized them with different responsibilities and jobs in the film crew specifically and introduced them to the world of cinema as a collaborative artistic practice in general. They learned how to make a documentary, focused on a very contemporary and relevant topic that concerns them all \u2013 peer violence. The workshop was an opportunity to see how the film gets made, following all filmmaking stages, and how the idea leads to the premiere. The children who took part learned how to approach the story by making decisions about it, working on motivation and doing research. They decided where they wanted to film and guided the editing. The film is titled: <em>I Don\u2019t Want to Talk About It.<\/em><\/p>\n","protected":false},"excerpt":{"rendered":"<p>KIKI DOKUMENTARAC \/ KIKI DOCUMENTARY Tijekom ljetnih praznika organizirali smo \u010detverodnevnu radionicu dokumentarnog filma pod mentorstvom vi\u0161estruko nagra\u0111ivanoga filmskog redatelja \u0110ure Gavrana, uz asistiranje studentice monta\u017ee Lucije Strugar. Radionica je na kreativan i kvalitetan na\u010din, uz gledanje i analiziranje kratkih dokumentarnih filmova razli\u010ditih vrsta te prakti\u010dan rad na filmu, upoznala djecu s poslovima u filmskoj [&hellip;]<\/p>\n","protected":false},"author":1,"featured_media":0,"parent":17,"menu_order":0,"comment_status":"closed","ping_status":"closed","template":"","meta":{"footnotes":"","_links_to":"","_links_to_target":""},"class_list":["post-134","page","type-page","status-publish","hentry"],"_links":{"self":[{"href":"https:\/\/kiki2022.gokul.hr\/index.php?rest_route=\/wp\/v2\/pages\/134","targetHints":{"allow":["GET"]}}],"collection":[{"href":"https:\/\/kiki2022.gokul.hr\/index.php?rest_route=\/wp\/v2\/pages"}],"about":[{"href":"https:\/\/kiki2022.gokul.hr\/index.php?rest_route=\/wp\/v2\/types\/page"}],"author":[{"embeddable":true,"href":"https:\/\/kiki2022.gokul.hr\/index.php?rest_route=\/wp\/v2\/users\/1"}],"replies":[{"embeddable":true,"href":"https:\/\/kiki2022.gokul.hr\/index.php?rest_route=%2Fwp%2Fv2%2Fcomments&post=134"}],"version-history":[{"count":6,"href":"https:\/\/kiki2022.gokul.hr\/index.php?rest_route=\/wp\/v2\/pages\/134\/revisions"}],"predecessor-version":[{"id":171,"href":"https:\/\/kiki2022.gokul.hr\/index.php?rest_route=\/wp\/v2\/pages\/134\/revisions\/171"}],"up":[{"embeddable":true,"href":"https:\/\/kiki2022.gokul.hr\/index.php?rest_route=\/wp\/v2\/pages\/17"}],"wp:attachment":[{"href":"https:\/\/kiki2022.gokul.hr\/index.php?rest_route=%2Fwp%2Fv2%2Fmedia&parent=134"}],"curies":[{"name":"wp","href":"https:\/\/api.w.org\/{rel}","templated":true}]}}