{"id":130,"date":"2022-09-07T12:47:37","date_gmt":"2022-09-07T12:47:37","guid":{"rendered":"https:\/\/kiki2022.gokul.hr\/?page_id=130"},"modified":"2022-09-09T08:35:33","modified_gmt":"2022-09-09T08:35:33","slug":"kako-gledati-film","status":"publish","type":"page","link":"https:\/\/kiki2022.gokul.hr\/?page_id=130","title":{"rendered":""},"content":{"rendered":"<p><strong>KAKO GLEDATI FILM \/ WAYS OF WATCHING FILMS<\/strong><\/p>\n<p>Edukativni program <strong>\u201eKako gledati film\u201c <\/strong>za djecu od 9 do 14 godina vodila je filmska kriti\u010darka Vi\u0161nja Vuka\u0161inovi\u0107, u tri termina tijekom travnja 2022.<\/p>\n<p><img loading=\"lazy\" decoding=\"async\" class=\"alignnone wp-image-125 size-full\" src=\"https:\/\/kiki2022.gokul.hr\/wp-content\/uploads\/2022\/09\/Kako-gledati-film-02.jpg\" alt=\"\" width=\"2419\" height=\"1613\" srcset=\"https:\/\/kiki2022.gokul.hr\/wp-content\/uploads\/2022\/09\/Kako-gledati-film-02.jpg 2419w, https:\/\/kiki2022.gokul.hr\/wp-content\/uploads\/2022\/09\/Kako-gledati-film-02-300x200.jpg 300w, https:\/\/kiki2022.gokul.hr\/wp-content\/uploads\/2022\/09\/Kako-gledati-film-02-1024x683.jpg 1024w, https:\/\/kiki2022.gokul.hr\/wp-content\/uploads\/2022\/09\/Kako-gledati-film-02-768x512.jpg 768w, https:\/\/kiki2022.gokul.hr\/wp-content\/uploads\/2022\/09\/Kako-gledati-film-02-1536x1024.jpg 1536w, https:\/\/kiki2022.gokul.hr\/wp-content\/uploads\/2022\/09\/Kako-gledati-film-02-2048x1366.jpg 2048w\" sizes=\"auto, (max-width: 2419px) 100vw, 2419px\" \/><\/p>\n<p>Polaznici i polaznice radionice upoznali su se s osnovnim alatima za osvije\u0161teno gledanje filma, za prepoznavanje filmskih izra\u017eajnih sredstava te su se, gledaju\u0107i odabrane filmske primjere, bavili njihovom analizom i interpretacijom. Poseban je naglasak stavljen na razvijanje vje\u0161tine argumentacije, odnosno utemeljena i uvjerljiva izlaganja vlastitih vrijednosnih sudova, uz mogu\u0107nost da nova znanja uobli\u010de u vlastite filmske kritike. Polaznici i polaznice radionica ujedno su dobili mogu\u0107nost aktivnog sudjelovanja u <em>KIKI festivalu \u2013 me\u0111unarodnom festivalu dje\u010djeg filma<\/em> u ulozi dje\u010djeg \u017eirija.<\/p>\n<p><strong> <img loading=\"lazy\" decoding=\"async\" class=\"alignnone wp-image-124 size-full\" src=\"https:\/\/kiki2022.gokul.hr\/wp-content\/uploads\/2022\/09\/Kako-gledati-film.jpg\" alt=\"\" width=\"2419\" height=\"1613\" srcset=\"https:\/\/kiki2022.gokul.hr\/wp-content\/uploads\/2022\/09\/Kako-gledati-film.jpg 2419w, https:\/\/kiki2022.gokul.hr\/wp-content\/uploads\/2022\/09\/Kako-gledati-film-300x200.jpg 300w, https:\/\/kiki2022.gokul.hr\/wp-content\/uploads\/2022\/09\/Kako-gledati-film-1024x683.jpg 1024w, https:\/\/kiki2022.gokul.hr\/wp-content\/uploads\/2022\/09\/Kako-gledati-film-768x512.jpg 768w, https:\/\/kiki2022.gokul.hr\/wp-content\/uploads\/2022\/09\/Kako-gledati-film-1536x1024.jpg 1536w, https:\/\/kiki2022.gokul.hr\/wp-content\/uploads\/2022\/09\/Kako-gledati-film-2048x1366.jpg 2048w\" sizes=\"auto, (max-width: 2419px) 100vw, 2419px\" \/><\/strong><\/p>\n<p>The educational programme titled \u2018Ways of Watching Films\u2019 for children aged 9 to 14 was held by film critic Vi\u0161nja Vuka\u0161inovi\u0107 in three parts in April 2022.<\/p>\n<p>The girls and boys participating in the workshop got acquainted with basic tools for a keener film watching, learned how to identify film-related means of expression, and attempted analysing and interpreting a selection of films. Particular attention was paid to developing argumentation skills, i.e. how to express own opinions and judgements in a well-argued and confident manner. Finally, they could use their newly acquired knowledge in their own film reviews. All the participants also got the chance of taking an active part in <em>KIKI Festival \u2013 International Film Festival for Children<\/em> as members of a children\u2019s jury.<\/p>\n","protected":false},"excerpt":{"rendered":"<p>KAKO GLEDATI FILM \/ WAYS OF WATCHING FILMS Edukativni program \u201eKako gledati film\u201c za djecu od 9 do 14 godina vodila je filmska kriti\u010darka Vi\u0161nja Vuka\u0161inovi\u0107, u tri termina tijekom travnja 2022. Polaznici i polaznice radionice upoznali su se s osnovnim alatima za osvije\u0161teno gledanje filma, za prepoznavanje filmskih izra\u017eajnih sredstava te su se, gledaju\u0107i [&hellip;]<\/p>\n","protected":false},"author":1,"featured_media":0,"parent":17,"menu_order":0,"comment_status":"closed","ping_status":"closed","template":"","meta":{"footnotes":"","_links_to":"","_links_to_target":""},"class_list":["post-130","page","type-page","status-publish","hentry"],"_links":{"self":[{"href":"https:\/\/kiki2022.gokul.hr\/index.php?rest_route=\/wp\/v2\/pages\/130","targetHints":{"allow":["GET"]}}],"collection":[{"href":"https:\/\/kiki2022.gokul.hr\/index.php?rest_route=\/wp\/v2\/pages"}],"about":[{"href":"https:\/\/kiki2022.gokul.hr\/index.php?rest_route=\/wp\/v2\/types\/page"}],"author":[{"embeddable":true,"href":"https:\/\/kiki2022.gokul.hr\/index.php?rest_route=\/wp\/v2\/users\/1"}],"replies":[{"embeddable":true,"href":"https:\/\/kiki2022.gokul.hr\/index.php?rest_route=%2Fwp%2Fv2%2Fcomments&post=130"}],"version-history":[{"count":5,"href":"https:\/\/kiki2022.gokul.hr\/index.php?rest_route=\/wp\/v2\/pages\/130\/revisions"}],"predecessor-version":[{"id":168,"href":"https:\/\/kiki2022.gokul.hr\/index.php?rest_route=\/wp\/v2\/pages\/130\/revisions\/168"}],"up":[{"embeddable":true,"href":"https:\/\/kiki2022.gokul.hr\/index.php?rest_route=\/wp\/v2\/pages\/17"}],"wp:attachment":[{"href":"https:\/\/kiki2022.gokul.hr\/index.php?rest_route=%2Fwp%2Fv2%2Fmedia&parent=130"}],"curies":[{"name":"wp","href":"https:\/\/api.w.org\/{rel}","templated":true}]}}